{"id":27054,"date":"2023-10-26T19:59:59","date_gmt":"2023-10-26T18:59:59","guid":{"rendered":"https:\/\/sitesdeapostas.bet\/mz\/?page_id=27054"},"modified":"2026-03-19T19:17:44","modified_gmt":"2026-03-19T18:17:44","slug":"contato","status":"publish","type":"page","link":"https:\/\/sitesdeapostas.bet\/mz\/contato\/","title":{"rendered":"Contato"},"content":{"rendered":"<p>Caso tenha alguma d\u00favida sobre os sites de apostas e nossos rankings, tenha algum problema ao navegar em nosso site <a href=\"https:\/\/sitesdeapostas.bet\/mz\/\">https:\/\/sitesdeapostas.bet\/mz\/<\/a> ou deseje ajuda com qualquer outro aspecto, entre em contato conosco. O contato pode ser feito atrav\u00e9s do email <strong>contato[arroba]sitesdeapostas.bet<\/strong>. Entraremos em contato o mais breve poss\u00edvel para sanar suas d\u00favidas.<\/p>\n<p><em>Caso entre em contato atrav\u00e9s do email, estar\u00e1s aceitando a pol\u00edtica de privacidade, bem como a inclus\u00e3o de seus dados em nossos arquivos da sitesdeapostas.bet. Mas aten\u00e7\u00e3o, voc\u00ea poder\u00e1 exercer seus direitos de privacidade, informa\u00e7\u00e3o, acesso, retifica\u00e7\u00e3o, elimina\u00e7\u00e3o, limita\u00e7\u00e3o de tratamento, portabilidade e oposi\u00e7\u00e3o dos dados pessoais fornecidos. Para isto, solicite o mesmo atrav\u00e9s do email contato[arroba]sitesdeapostas.bet, informando o que deseja.<\/em><\/p>\n<p><strong>Tem certeza de que precisa entrar em contato conosco?<\/strong> Em nosso site voc\u00ea encontra informa\u00e7\u00f5es, guias, an\u00e1lises e todo tipo de conte\u00fado para tirar suas d\u00favidas sobre as principais casas de apostas em Mo\u00e7ambique. Alguns links de interesse que podem responder \u00e0s suas perguntas s\u00e3o:<\/p>\n<ul>\n<li><a href=\"\/mz\/casas\/1xbet\/\">Revis\u00e3o e an\u00e1lise da 1XBET Mo\u00e7ambique<\/a><\/li>\n<li><a href=\"\/mz\/casas\/22bet\/\">Revis\u00e3o e an\u00e1lise da 22bet Mo\u00e7ambique<\/a><\/li>\n<li><a href=\"\/mz\/casas\/betwinner\/\">Revis\u00e3o e an\u00e1lise da Betwinner Mo\u00e7ambique<\/a><\/li>\n<li><a href=\"\/mz\/depositos\/bitcoin\/\">Sites de apostas que aceitam dep\u00f3sitos com Bitcoin<\/a><\/li>\n<li><a href=\"\/mz\/depositos\/e-mola\/\">Sites de apostas que aceitam dep\u00f3sitos com e-MOLA<\/a><\/li>\n<li><a href=\"\/mz\/depositos\/m-pesa\/\">Sites de apostas que aceitam dep\u00f3sitos com M-PESA Vodacom<\/a><\/li>\n<li><a href=\"\/mz\/calculadora\/\">Calculadora de apostas seguras ou surebets<\/a><\/li>\n<\/ul>\n","protected":false},"excerpt":{"rendered":"<p>Caso tenha alguma d\u00favida sobre os sites de apostas e nossos rankings, tenha algum problema ao navegar em nosso site https:\/\/sitesdeapostas.bet\/mz\/ ou deseje ajuda com qualquer outro aspecto, entre em contato conosco. O contato pode ser feito atrav\u00e9s do email contato[arroba]sitesdeapostas.bet. Entraremos em contato o mais breve poss\u00edvel para sanar suas d\u00favidas. Caso entre em [&hellip;]<\/p>\n","protected":false},"author":2,"featured_media":0,"parent":0,"menu_order":0,"comment_status":"closed","ping_status":"closed","template":"","meta":{"_acf_changed":false,"footnotes":""},"class_list":["post-27054","page","type-page","status-publish","hentry"],"acf":[],"_links":{"self":[{"href":"https:\/\/sitesdeapostas.bet\/mz\/wp-json\/wp\/v2\/pages\/27054","targetHints":{"allow":["GET"]}}],"collection":[{"href":"https:\/\/sitesdeapostas.bet\/mz\/wp-json\/wp\/v2\/pages"}],"about":[{"href":"https:\/\/sitesdeapostas.bet\/mz\/wp-json\/wp\/v2\/types\/page"}],"author":[{"embeddable":true,"href":"https:\/\/sitesdeapostas.bet\/mz\/wp-json\/wp\/v2\/users\/2"}],"replies":[{"embeddable":true,"href":"https:\/\/sitesdeapostas.bet\/mz\/wp-json\/wp\/v2\/comments?post=27054"}],"version-history":[{"count":3,"href":"https:\/\/sitesdeapostas.bet\/mz\/wp-json\/wp\/v2\/pages\/27054\/revisions"}],"predecessor-version":[{"id":27243,"href":"https:\/\/sitesdeapostas.bet\/mz\/wp-json\/wp\/v2\/pages\/27054\/revisions\/27243"}],"wp:attachment":[{"href":"https:\/\/sitesdeapostas.bet\/mz\/wp-json\/wp\/v2\/media?parent=27054"}],"curies":[{"name":"wp","href":"https:\/\/api.w.org\/{rel}","templated":true}]}}