{"id":9644,"date":"2022-02-16T18:22:34","date_gmt":"2022-02-16T17:22:34","guid":{"rendered":"https:\/\/sitesdeapostas.bet\/mz\/?page_id=9644"},"modified":"2025-04-28T13:59:54","modified_gmt":"2025-04-28T12:59:54","slug":"depositos","status":"publish","type":"page","link":"https:\/\/sitesdeapostas.bet\/mz\/depositos\/","title":{"rendered":"D\u00e9positos"},"content":{"rendered":"<h2>M\u00e9todos de pagamento<\/h2>\n<p>As <a href=\"https:\/\/sitesdeapostas.bet\/mz\/\">casas de apostas<\/a> na \u00c1frica tentam oferecer uma <strong>boa variedade nos m\u00e9todos de pagamento\u00a0<\/strong>para os apostadores brasileiros, concentrando-se bastante em alguns tipos de transac\u00e7\u00f5es monet\u00e1rias; s\u00e3o elas:<\/p>\n<h4><strong>Carteiras digitais<\/strong><\/h4>\n<p>Em resumo, as e-wallets s\u00e3o\u00a0<strong>plataformas para a gest\u00e3o financeira\u00a0<\/strong>por meio da internet. Protegidas por forte seguran\u00e7a criptogr\u00e1fica, as carteiras digitais como Skrill e Neteller s\u00e3o as mais populares nos pa\u00edses africanos e na Europa.<\/p>\n<h4><strong>Criptomoedas<\/strong><\/h4>\n<p>As criptos s\u00e3o novos m\u00e9todos de uso do dinheiro\u00a0<strong>que devem crescer ainda mais nos pr\u00f3ximos anos,\u00a0<\/strong>sobretudo em mercados emergentes como a \u00c1frica e a Am\u00e9rica do Sul.<\/p>\n<h4>Cart\u00f5es de cr\u00e9dito\/d\u00e9bito<\/h4>\n<p>Os cart\u00f5es de cr\u00e9dito\u00a0<strong>n\u00e3o s\u00e3o t\u00e3o populares assim na Europa,\u00a0<\/strong>mas t\u00eam seu espa\u00e7o no mercado africano, sobretudo com os cart\u00f5es da Visa e da Mastercard.<\/p>\n<h4>Transac\u00e7\u00f5es banc\u00e1rias<\/h4>\n<p>As transa\u00e7\u00f5es de\u00a0<strong>dep\u00f3sito e transfer\u00eancia banc\u00e1ria,\u00a0<\/strong>junto do boleto banc\u00e1rio, s\u00e3o m\u00e9todos de pagamento importantes em qualquer local.<\/p>\n<h3>Qual m\u00e9todo escolher?<\/h3>\n<p>Os apostadores podem escolher um\u00a0<strong>m\u00e9todo de pagamento fixo\u00a0<\/strong>ou at\u00e9 mesmo transitarem por\u00a0<strong>diferentes m\u00e9todos de pagamento,\u00a0<\/strong>a depender da casa de apostas e do pr\u00f3prio estilo do apostador. Para te ajudar, n\u00f3s separamos um selecionado com os principais.<\/p>\n","protected":false},"excerpt":{"rendered":"<p>M\u00e9todos de pagamento As casas de apostas na \u00c1frica tentam oferecer uma boa variedade nos m\u00e9todos de pagamento\u00a0para os apostadores brasileiros, concentrando-se bastante em alguns tipos de transac\u00e7\u00f5es monet\u00e1rias; s\u00e3o elas: Carteiras digitais Em resumo, as e-wallets s\u00e3o\u00a0plataformas para a gest\u00e3o financeira\u00a0por meio da internet. Protegidas por forte seguran\u00e7a criptogr\u00e1fica, as carteiras digitais como Skrill [&hellip;]<\/p>\n","protected":false},"author":3,"featured_media":0,"parent":0,"menu_order":0,"comment_status":"closed","ping_status":"closed","template":"deposit-methods-style-1.php","meta":{"_acf_changed":false,"footnotes":""},"class_list":["post-9644","page","type-page","status-publish","hentry"],"acf":[],"_links":{"self":[{"href":"https:\/\/sitesdeapostas.bet\/mz\/wp-json\/wp\/v2\/pages\/9644","targetHints":{"allow":["GET"]}}],"collection":[{"href":"https:\/\/sitesdeapostas.bet\/mz\/wp-json\/wp\/v2\/pages"}],"about":[{"href":"https:\/\/sitesdeapostas.bet\/mz\/wp-json\/wp\/v2\/types\/page"}],"author":[{"embeddable":true,"href":"https:\/\/sitesdeapostas.bet\/mz\/wp-json\/wp\/v2\/users\/3"}],"replies":[{"embeddable":true,"href":"https:\/\/sitesdeapostas.bet\/mz\/wp-json\/wp\/v2\/comments?post=9644"}],"version-history":[{"count":6,"href":"https:\/\/sitesdeapostas.bet\/mz\/wp-json\/wp\/v2\/pages\/9644\/revisions"}],"predecessor-version":[{"id":27343,"href":"https:\/\/sitesdeapostas.bet\/mz\/wp-json\/wp\/v2\/pages\/9644\/revisions\/27343"}],"wp:attachment":[{"href":"https:\/\/sitesdeapostas.bet\/mz\/wp-json\/wp\/v2\/media?parent=9644"}],"curies":[{"name":"wp","href":"https:\/\/api.w.org\/{rel}","templated":true}]}}