{"id":1083,"date":"2020-04-21T17:44:27","date_gmt":"2020-04-21T17:44:27","guid":{"rendered":"https:\/\/sitesdeapostas.bet\/?page_id=1083"},"modified":"2024-06-12T20:37:27","modified_gmt":"2024-06-12T19:37:27","slug":"equipe","status":"publish","type":"page","link":"https:\/\/sitesdeapostas.bet\/pt\/equipe\/","title":{"rendered":"Equipe"},"content":{"rendered":"<p>No <a href=\"\/pt\/\">sitesdeapostas.bet\/pt\/<\/a>, nos esfor\u00e7amos para oferecer as melhores informa\u00e7\u00f5es sobre apostas desportivas para nossos usu\u00e1rios. Revis\u00f5es honestas e verdadeiras, ferramentas \u00fateis para apostas, os melhores m\u00e9todos de pagamento para depositar e sacar dinheiro, com todas as indica\u00e7\u00f5es poss\u00edveis para tornar o processo r\u00e1pido e f\u00e1cil, o mundo atual das apostas, etc.<\/p>\n<p>Tudo isso n\u00e3o seria poss\u00edvel sem a equipe humana que comp\u00f5e e molda este site:<\/p>\n<div class=\"space-page-content-wrap relative contenido-miembro loop-members\"><div class=\"contetn-member-item space-casino-header-logo-title box-100 relative\">\r\n\t\t\t\t\t<div class=\"space-casino-header-logo-box relative\">\r\n\t\t\t\t\t\t<img decoding=\"async\" class=\"img-member skip-lazy\" src=\"https:\/\/sitesdeapostas.bet\/pt\/wp-content\/uploads\/sites\/3\/2023\/10\/brenow.jpg\" alt=\"Brenow Muniz\">\r\n\t\t\t\t\t<\/div>\r\n\t\t\t\t\t<div class=\"space-page-desc-member\">\r\n\t\t\t\t\t\t<div class=\"space-casino-header-title-box relative\">\r\n\t\t\t\t\t\t\t<div class=\"space-casino-header-title-box-ins box-100 relative\">\r\n\t\t\t\t\t\t\t\t<div class=\"space-contet-heading\">\r\n\t\t\t\t\t\t\t\t\t<a href=\"https:\/\/sitesdeapostas.bet\/pt\/equipe\/brenow-muniz\/\"><p class=\"name-member\" style=\"padding: initial;\">Brenow Muniz<\/p><\/a>\r\n\t\t\t\t\t\t\t\t\t<div class=\"redesSociales-member\">\r\n\t\t\t\t\t\t\t\t\t\t<a style=\"text-decoration: none;\" href=\"https:\/\/www.linkedin.com\/in\/john-brenow-muniz-de-oliveira-946aa1139\/\" target=\"_blank\" rel=\"noreferrer noopener\"><i class=\"fa-brands fa-linkedin-in i-linkedin\"><\/i><\/a>\r\n\t\t\t\t\t\t\t\t\t\t<a style=\"text-decoration: none;\" href=\"https:\/\/twitter.com\/brenowmuniz\" target=\"_blank\" rel=\"noreferrer noopener\"><i class=\"fa-brands fa-x-twitter i-twitter\"><\/i><\/a>\r\n\t\t\t\t\t\t\t\t\t\t\r\n\t\t\t\t\t\t\t\t\t\t\r\n\t\t\t\t\t\t\t\t\t<\/div>\r\n\t\t\t\t\t\t\t\t\t<p class=\"puesto-member box-100\">Editor<\/strong>\r\n\t\t\t\t\t\t\t\t<\/div>\r\n\t\t\t\t\t\t\t<\/div>\r\n\t\t\t\t\t\t<\/div>\r\n\t\t\t\t\t\t<div class=\"content-desc-member\">\r\n\t\t\t\t\t\t\t<p>Nascido em Jo\u00e3o Pessoa, capital da Para\u00edba, mudou-se para Fortaleza e cursou Jornalismo na Faculdade Cearense. J\u00e1 escreveu para alguns sites esportivos e atualmente \u00e9 comentarista na R\u00e1dio Torcida K e Federa\u00e7\u00e3o Cearense de Futebol. Desde 2020 escreve sobre apostas esportivas, com especialidade na an\u00e1lise de eventos esportivo em futebol e basquete. Torcedor fan\u00e1tico do Corinthians e Botafogo da Para\u00edba.<\/p>\r\n\t\t\t\t\t\t<\/div>\r\n\t\t\t\t\t<\/div>\r\n\t\t\t\t<\/div><div class=\"contetn-member-item space-casino-header-logo-title box-100 relative\">\r\n\t\t\t\t\t<div class=\"space-casino-header-logo-box relative\">\r\n\t\t\t\t\t\t<img decoding=\"async\" class=\"img-member skip-lazy\" src=\"https:\/\/sitesdeapostas.bet\/pt\/wp-content\/uploads\/sites\/3\/2023\/10\/carla-150x150-1.webp\" alt=\"Carla Leal\">\r\n\t\t\t\t\t<\/div>\r\n\t\t\t\t\t<div class=\"space-page-desc-member\">\r\n\t\t\t\t\t\t<div class=\"space-casino-header-title-box relative\">\r\n\t\t\t\t\t\t\t<div class=\"space-casino-header-title-box-ins box-100 relative\">\r\n\t\t\t\t\t\t\t\t<div class=\"space-contet-heading\">\r\n\t\t\t\t\t\t\t\t\t<a href=\"https:\/\/sitesdeapostas.bet\/pt\/equipe\/carla-leal\/\"><p class=\"name-member\" style=\"padding: initial;\">Carla Leal<\/p><\/a>\r\n\t\t\t\t\t\t\t\t\t<div class=\"redesSociales-member\">\r\n\t\t\t\t\t\t\t\t\t\t\r\n\t\t\t\t\t\t\t\t\t\t\r\n\t\t\t\t\t\t\t\t\t\t\r\n\t\t\t\t\t\t\t\t\t\t\r\n\t\t\t\t\t\t\t\t\t<\/div>\r\n\t\t\t\t\t\t\t\t\t<p class=\"puesto-member box-100\">Revisora<\/strong>\r\n\t\t\t\t\t\t\t\t<\/div>\r\n\t\t\t\t\t\t\t<\/div>\r\n\t\t\t\t\t\t<\/div>\r\n\t\t\t\t\t\t<div class=\"content-desc-member\">\r\n\t\t\t\t\t\t\t<p>Nascida na Bahia e criada em Pernambuco, cursou Letras e Design Gr\u00e1fico na UFPE. Com especializa\u00e7\u00e3o em Cinema pela UNICAP, possui uma experi\u00eancia de quase 20 anos em reda\u00e7\u00e3o, tendo escrito sobre os mais diversos temas, destacando-se os desportivos e games. Faz parte da equipe da <em>sitesdeapostas.bet<\/em> desde 2019, trabalhando como redatora e auxiliando na atualiza\u00e7\u00e3o e revis\u00e3o dos sites de apostas. Nas suas folgas, essa torcedora do Sport Recife planeja suas viagens e assiste a s\u00e9ries e filmes.<\/p>\r\n\t\t\t\t\t\t<\/div>\r\n\t\t\t\t\t<\/div>\r\n\t\t\t\t<\/div><div class=\"contetn-member-item space-casino-header-logo-title box-100 relative\">\r\n\t\t\t\t\t<div class=\"space-casino-header-logo-box relative\">\r\n\t\t\t\t\t\t<img decoding=\"async\" class=\"img-member skip-lazy\" src=\"https:\/\/sitesdeapostas.bet\/pt\/wp-content\/uploads\/sites\/3\/2023\/10\/gabriel.jpg\" alt=\"Gabriel Gon\u00e7alves\">\r\n\t\t\t\t\t<\/div>\r\n\t\t\t\t\t<div class=\"space-page-desc-member\">\r\n\t\t\t\t\t\t<div class=\"space-casino-header-title-box relative\">\r\n\t\t\t\t\t\t\t<div class=\"space-casino-header-title-box-ins box-100 relative\">\r\n\t\t\t\t\t\t\t\t<div class=\"space-contet-heading\">\r\n\t\t\t\t\t\t\t\t\t<a href=\"https:\/\/sitesdeapostas.bet\/pt\/equipe\/gabriel-goncalves\/\"><p class=\"name-member\" style=\"padding: initial;\">Gabriel Gon\u00e7alves<\/p><\/a>\r\n\t\t\t\t\t\t\t\t\t<div class=\"redesSociales-member\">\r\n\t\t\t\t\t\t\t\t\t\t<a style=\"text-decoration: none;\" href=\"https:\/\/www.linkedin.com\/in\/gabrieljgoncalves\/\" target=\"_blank\" rel=\"noreferrer noopener\"><i class=\"fa-brands fa-linkedin-in i-linkedin\"><\/i><\/a>\r\n\t\t\t\t\t\t\t\t\t\t\r\n\t\t\t\t\t\t\t\t\t\t\r\n\t\t\t\t\t\t\t\t\t\t\r\n\t\t\t\t\t\t\t\t\t<\/div>\r\n\t\t\t\t\t\t\t\t\t<p class=\"puesto-member box-100\">Senior editor<\/strong>\r\n\t\t\t\t\t\t\t\t<\/div>\r\n\t\t\t\t\t\t\t<\/div>\r\n\t\t\t\t\t\t<\/div>\r\n\t\t\t\t\t\t<div class=\"content-desc-member\">\r\n\t\t\t\t\t\t\t<p>Nascido no interior de Minas Gerais, mudou-se para Campinas e cursou Comunica\u00e7\u00e3o Social na Unicamp. P\u00f3s-graduando em Jornalismo Esportivo, especialista em apostas desportivas em <em>sitesdeapostas.bet<\/em>, administra p\u00e1ginas sobre o Corinthians desde 2017. J\u00e1 escreveu para sites como 90min e Torcedores.com. Atualmente, tamb\u00e9m \u00e9 chefe de reda\u00e7\u00e3o em um site especializado no Corinthians. Nas horas vagas, \u00e9 apaixonado por esportes, principalmente futebol e muscula\u00e7\u00e3o.<\/p>\r\n\t\t\t\t\t\t<\/div>\r\n\t\t\t\t\t<\/div>\r\n\t\t\t\t<\/div><div class=\"contetn-member-item space-casino-header-logo-title box-100 relative\">\r\n\t\t\t\t\t<div class=\"space-casino-header-logo-box relative\">\r\n\t\t\t\t\t\t<img decoding=\"async\" class=\"img-member skip-lazy\" src=\"https:\/\/sitesdeapostas.bet\/pt\/wp-content\/uploads\/sites\/3\/2023\/10\/hugo.webp\" alt=\"Hugo Veiga\">\r\n\t\t\t\t\t<\/div>\r\n\t\t\t\t\t<div class=\"space-page-desc-member\">\r\n\t\t\t\t\t\t<div class=\"space-casino-header-title-box relative\">\r\n\t\t\t\t\t\t\t<div class=\"space-casino-header-title-box-ins box-100 relative\">\r\n\t\t\t\t\t\t\t\t<div class=\"space-contet-heading\">\r\n\t\t\t\t\t\t\t\t\t<a href=\"https:\/\/sitesdeapostas.bet\/pt\/equipe\/hugo-veiga\/\"><p class=\"name-member\" style=\"padding: initial;\">Hugo Veiga<\/p><\/a>\r\n\t\t\t\t\t\t\t\t\t<div class=\"redesSociales-member\">\r\n\t\t\t\t\t\t\t\t\t\t\r\n\t\t\t\t\t\t\t\t\t\t\r\n\t\t\t\t\t\t\t\t\t\t\r\n\t\t\t\t\t\t\t\t\t\t\r\n\t\t\t\t\t\t\t\t\t<\/div>\r\n\t\t\t\t\t\t\t\t\t<p class=\"puesto-member box-100\">Colaborador<\/strong>\r\n\t\t\t\t\t\t\t\t<\/div>\r\n\t\t\t\t\t\t\t<\/div>\r\n\t\t\t\t\t\t<\/div>\r\n\t\t\t\t\t\t<div class=\"content-desc-member\">\r\n\t\t\t\t\t\t\t<p>Formado em educa\u00e7\u00e3o f\u00edsica e apostador profissional desde 2015. Trabalhou no site Quero Apostar entre 2017 e 2019 como tipster profissional de t\u00eanis, al\u00e9m de fazer apostas em NBA e futebol. Seu esporte favorito \u00e9 o t\u00eanis, mas tamb\u00e9m \u00e9 um aficionado por futebol e basquete. Para alcan\u00e7ar o status de apostador profissional, precisou entender que n\u00e3o basta somente compreender os esportes, mas \u00e9 preciso ter tamb\u00e9m um conhecimento amplo nas apostas.<\/p>\r\n\t\t\t\t\t\t<\/div>\r\n\t\t\t\t\t<\/div>\r\n\t\t\t\t<\/div><div class=\"contetn-member-item space-casino-header-logo-title box-100 relative\">\r\n\t\t\t\t\t<div class=\"space-casino-header-logo-box relative\">\r\n\t\t\t\t\t\t<img decoding=\"async\" class=\"img-member skip-lazy\" src=\"https:\/\/sitesdeapostas.bet\/pt\/wp-content\/uploads\/sites\/3\/2023\/12\/ricardo-sda.jpg\" alt=\"Ricardo Crespo\">\r\n\t\t\t\t\t<\/div>\r\n\t\t\t\t\t<div class=\"space-page-desc-member\">\r\n\t\t\t\t\t\t<div class=\"space-casino-header-title-box relative\">\r\n\t\t\t\t\t\t\t<div class=\"space-casino-header-title-box-ins box-100 relative\">\r\n\t\t\t\t\t\t\t\t<div class=\"space-contet-heading\">\r\n\t\t\t\t\t\t\t\t\t<a href=\"https:\/\/sitesdeapostas.bet\/pt\/equipe\/ricardo-crespo\/\"><p class=\"name-member\" style=\"padding: initial;\">Ricardo Crespo<\/p><\/a>\r\n\t\t\t\t\t\t\t\t\t<div class=\"redesSociales-member\">\r\n\t\t\t\t\t\t\t\t\t\t<a style=\"text-decoration: none;\" href=\"https:\/\/www.linkedin.com\/in\/ricardo-cr%C3%AAspo-881a5076\/\" target=\"_blank\" rel=\"noreferrer noopener\"><i class=\"fa-brands fa-linkedin-in i-linkedin\"><\/i><\/a>\r\n\t\t\t\t\t\t\t\t\t\t\r\n\t\t\t\t\t\t\t\t\t\t\r\n\t\t\t\t\t\t\t\t\t\t\r\n\t\t\t\t\t\t\t\t\t<\/div>\r\n\t\t\t\t\t\t\t\t\t<p class=\"puesto-member box-100\">Editor<\/strong>\r\n\t\t\t\t\t\t\t\t<\/div>\r\n\t\t\t\t\t\t\t<\/div>\r\n\t\t\t\t\t\t<\/div>\r\n\t\t\t\t\t\t<div class=\"content-desc-member\">\r\n\t\t\t\t\t\t\t<p>Nascido em Recife e radicado em S\u00e3o Paulo, \u00e9 formado em R\u00e1dio e TV e em Jornalismo, al\u00e9m de ser ex-atleta de futebol americano. Atuando como jornalista esportivo, passou por ve\u00edculos como a R\u00e1dio Mix e TV NSports, antes se juntar ao time do <em>sitesdeapostas.bet<\/em> em 2020, desempenhando as fun\u00e7\u00f5es de redator e revisor. Amante do futebol, basquete e futebol americano, \u00e9 torcedor fervoroso de Palmeiras, Los Angeles Lakers e Indianapolis Colts.<\/p>\r\n\t\t\t\t\t\t<\/div>\r\n\t\t\t\t\t<\/div>\r\n\t\t\t\t<\/div><div class=\"contetn-member-item space-casino-header-logo-title box-100 relative\">\r\n\t\t\t\t\t<div class=\"space-casino-header-logo-box relative\">\r\n\t\t\t\t\t\t<img decoding=\"async\" class=\"img-member skip-lazy\" src=\"https:\/\/sitesdeapostas.bet\/pt\/wp-content\/uploads\/sites\/3\/2023\/10\/rodrigo-300x300.jpg.webp\" alt=\"Rodrigo Dias\">\r\n\t\t\t\t\t<\/div>\r\n\t\t\t\t\t<div class=\"space-page-desc-member\">\r\n\t\t\t\t\t\t<div class=\"space-casino-header-title-box relative\">\r\n\t\t\t\t\t\t\t<div class=\"space-casino-header-title-box-ins box-100 relative\">\r\n\t\t\t\t\t\t\t\t<div class=\"space-contet-heading\">\r\n\t\t\t\t\t\t\t\t\t<a href=\"https:\/\/sitesdeapostas.bet\/pt\/equipe\/rodrigo-dias\/\"><p class=\"name-member\" style=\"padding: initial;\">Rodrigo Dias<\/p><\/a>\r\n\t\t\t\t\t\t\t\t\t<div class=\"redesSociales-member\">\r\n\t\t\t\t\t\t\t\t\t\t<a style=\"text-decoration: none;\" href=\"https:\/\/www.linkedin.com\/in\/rdgomesjornalista\/\" target=\"_blank\" rel=\"noreferrer noopener\"><i class=\"fa-brands fa-linkedin-in i-linkedin\"><\/i><\/a>\r\n\t\t\t\t\t\t\t\t\t\t\r\n\t\t\t\t\t\t\t\t\t\t\r\n\t\t\t\t\t\t\t\t\t\t\r\n\t\t\t\t\t\t\t\t\t<\/div>\r\n\t\t\t\t\t\t\t\t\t<p class=\"puesto-member box-100\">Colaborador<\/strong>\r\n\t\t\t\t\t\t\t\t<\/div>\r\n\t\t\t\t\t\t\t<\/div>\r\n\t\t\t\t\t\t<\/div>\r\n\t\t\t\t\t\t<div class=\"content-desc-member\">\r\n\t\t\t\t\t\t\t<p>Nascido na capital paulista, \u00e9 graduado em jornalismo pela Escola de Comunica\u00e7\u00f5es e Artes da Universidade de S\u00e3o Paulo. Como redator, tamb\u00e9m j\u00e1 escreveu para sites como Band e Bandsports. Apaixonado por esportes, acompanha futebol, futebol americano, basquete, t\u00eanis, MMA, entre outros. Torcedor fan\u00e1tico do S\u00e3o Paulo Futebol Clube, San Antonio Spurs e Seattle Seahawks.<\/p>\r\n\t\t\t\t\t\t<\/div>\r\n\t\t\t\t\t<\/div>\r\n\t\t\t\t<\/div><div class=\"contetn-member-item space-casino-header-logo-title box-100 relative\">\r\n\t\t\t\t\t<div class=\"space-casino-header-logo-box relative\">\r\n\t\t\t\t\t\t<img decoding=\"async\" class=\"img-member skip-lazy\" src=\"https:\/\/sitesdeapostas.bet\/pt\/wp-content\/uploads\/sites\/3\/2023\/10\/vinicius.webp\" alt=\"Vinicius Veiga\">\r\n\t\t\t\t\t<\/div>\r\n\t\t\t\t\t<div class=\"space-page-desc-member\">\r\n\t\t\t\t\t\t<div class=\"space-casino-header-title-box relative\">\r\n\t\t\t\t\t\t\t<div class=\"space-casino-header-title-box-ins box-100 relative\">\r\n\t\t\t\t\t\t\t\t<div class=\"space-contet-heading\">\r\n\t\t\t\t\t\t\t\t\t<a href=\"https:\/\/sitesdeapostas.bet\/pt\/equipe\/vinicius-veiga\/\"><p class=\"name-member\" style=\"padding: initial;\">Vinicius Veiga<\/p><\/a>\r\n\t\t\t\t\t\t\t\t\t<div class=\"redesSociales-member\">\r\n\t\t\t\t\t\t\t\t\t\t\r\n\t\t\t\t\t\t\t\t\t\t\r\n\t\t\t\t\t\t\t\t\t\t<a style=\"text-decoration: none;\" href=\"https:\/\/www.instagram.com\/veigavinicius_\/\" target=\"_blank\" rel=\"noopener noreferrer\"><i class=\"fab fa-instagram i-instagram\"><\/i><\/a>\r\n\t\t\t\t\t\t\t\t\t\t\r\n\t\t\t\t\t\t\t\t\t<\/div>\r\n\t\t\t\t\t\t\t\t\t<p class=\"puesto-member box-100\">Colaborador<\/strong>\r\n\t\t\t\t\t\t\t\t<\/div>\r\n\t\t\t\t\t\t\t<\/div>\r\n\t\t\t\t\t\t<\/div>\r\n\t\t\t\t\t\t<div class=\"content-desc-member\">\r\n\t\t\t\t\t\t\t<p>Apostador desde 2013, tenho experi\u00eancia em diversos sites no ramo. Entre 2013 a 2019, foi um dos s\u00f3cios do Quero Apostar, tendo sido um dos pioneiros na cria\u00e7\u00e3o de um dos primeiros grupos de picks do Brasil. Entre 2020 a 2021, participei em sociedade da empresa PR Tips, que tamb\u00e9m visa enviar dicas de apostas para os seus seguidores. Formado em jornalismo, com mais de 500 textos escritos e publicados sobre apostas esportivas no Brasil. Beisebol e basquete s\u00e3o as minhas maiores especialidades.<\/p>\r\n\t\t\t\t\t\t<\/div>\r\n\t\t\t\t\t<\/div>\r\n\t\t\t\t<\/div><\/div><script type=\"application\/ld+json\">\r\n\t\t\t{\r\n\t\t\t\t\"@context\": \"http:\/\/schema.org\",\r\n\t\t\t\t\"@type\": \"Organization\",\r\n\t\t\t\t\"employee\": [\r\n\t\t\t\t\t{\r\n\t\t\t\t\t\"@type\": \"Person\",\r\n\t\t\t\t\t\t\"name\": \"Brenow Muniz\",\r\n\t\t\t\t\t\t\"image\": \"https:\/\/sitesdeapostas.bet\/pt\/wp-content\/uploads\/sites\/3\/2023\/10\/brenow.jpg\",\r\n\t\t\t\t\t\t\"sameAs\": [\"https:\/\/twitter.com\/brenowmuniz\",\"https:\/\/www.linkedin.com\/in\/john-brenow-muniz-de-oliveira-946aa1139\/\"],\r\n\t\t\t\t\t\t\"jobTitle\": \"Editor\"\r\n\t\t\t\t\t},\r\n\t\t\t\t\t{\r\n\t\t\t\t\t\"@type\": \"Person\",\r\n\t\t\t\t\t\t\"name\": \"Carla Leal\",\r\n\t\t\t\t\t\t\"image\": \"https:\/\/sitesdeapostas.bet\/pt\/wp-content\/uploads\/sites\/3\/2023\/10\/carla-150x150-1.webp\",\r\n\t\t\t\t\t\t\r\n\t\t\t\t\t\t\"jobTitle\": \"Revisora\"\r\n\t\t\t\t\t},\r\n\t\t\t\t\t{\r\n\t\t\t\t\t\"@type\": \"Person\",\r\n\t\t\t\t\t\t\"name\": \"Gabriel Gon\u00e7alves\",\r\n\t\t\t\t\t\t\"image\": \"https:\/\/sitesdeapostas.bet\/pt\/wp-content\/uploads\/sites\/3\/2023\/10\/gabriel.jpg\",\r\n\t\t\t\t\t\t\"sameAs\": [\"https:\/\/www.linkedin.com\/in\/gabrieljgoncalves\/\"],\r\n\t\t\t\t\t\t\"jobTitle\": \"Senior editor\"\r\n\t\t\t\t\t},\r\n\t\t\t\t\t{\r\n\t\t\t\t\t\"@type\": \"Person\",\r\n\t\t\t\t\t\t\"name\": \"Hugo Veiga\",\r\n\t\t\t\t\t\t\"image\": \"https:\/\/sitesdeapostas.bet\/pt\/wp-content\/uploads\/sites\/3\/2023\/10\/hugo.webp\",\r\n\t\t\t\t\t\t\r\n\t\t\t\t\t\t\"jobTitle\": \"Colaborador\"\r\n\t\t\t\t\t},\r\n\t\t\t\t\t{\r\n\t\t\t\t\t\"@type\": \"Person\",\r\n\t\t\t\t\t\t\"name\": \"Ricardo Crespo\",\r\n\t\t\t\t\t\t\"image\": \"https:\/\/sitesdeapostas.bet\/pt\/wp-content\/uploads\/sites\/3\/2023\/12\/ricardo-sda.jpg\",\r\n\t\t\t\t\t\t\"sameAs\": [\"https:\/\/www.linkedin.com\/in\/ricardo-cr%C3%AAspo-881a5076\/\"],\r\n\t\t\t\t\t\t\"jobTitle\": \"Editor\"\r\n\t\t\t\t\t},\r\n\t\t\t\t\t{\r\n\t\t\t\t\t\"@type\": \"Person\",\r\n\t\t\t\t\t\t\"name\": \"Rodrigo Dias\",\r\n\t\t\t\t\t\t\"image\": \"https:\/\/sitesdeapostas.bet\/pt\/wp-content\/uploads\/sites\/3\/2023\/10\/rodrigo-300x300.jpg.webp\",\r\n\t\t\t\t\t\t\"sameAs\": [\"https:\/\/www.linkedin.com\/in\/rdgomesjornalista\/\"],\r\n\t\t\t\t\t\t\"jobTitle\": \"Colaborador\"\r\n\t\t\t\t\t},\r\n\t\t\t\t\t{\r\n\t\t\t\t\t\"@type\": \"Person\",\r\n\t\t\t\t\t\t\"name\": \"Vinicius Veiga\",\r\n\t\t\t\t\t\t\"image\": \"https:\/\/sitesdeapostas.bet\/pt\/wp-content\/uploads\/sites\/3\/2023\/10\/vinicius.webp\",\r\n\t\t\t\t\t\t\"sameAs\": [\"https:\/\/www.instagram.com\/veigavinicius_\/\"],\r\n\t\t\t\t\t\t\"jobTitle\": \"Colaborador\"\r\n\t\t\t\t\t}]}<\/script>\n<h2>Nosso objetivo<\/h2>\n<p>A proposta do sitesdeapostas.bet \u00e9 bastante simples: trazer revis\u00f5es honestas e verdadeiras para nossos leitores. Sabemos que achar a melhor casa de apostas n\u00e3o \u00e9 f\u00e1cil, dada a quantidade de ofertas no mercado. E n\u00f3s estamos exatamente aqui para facilitar a vida de quem deseja apostar com total seguran\u00e7a.<\/p>\n<p>Para isso temos v\u00e1rias se\u00e7\u00f5es que ir\u00e3o ajudar nesse sentido. Em nossas an\u00e1lises, entramos em cada site de apostas e revisamos parte a parte tudo o que interessa: m\u00e9todos de pagamento, odds, experi\u00eancia do usu\u00e1rio, se h\u00e1 aplicativos para celulares, n\u00famero de mercados e esportes oferecidos. Com os resultados, descrevemos um resumo espec\u00edfico e detalhado sobre cada site de apostas, seja ele positivo ou n\u00e3o.<\/p>\n<p>Tudo isto \u00e9 poss\u00edvel gra\u00e7as a uma equipe que temos. Nossos especialistas est\u00e3o aqui para ajudar a trazer as melhores e mais precisas informa\u00e7\u00f5es. Nosso diferencial \u00e9 contar com funcion\u00e1rios em v\u00e1rios pa\u00edses. Juntos, formamos uma equipe que oferece as melhores e verdadeiras an\u00e1lises para nossos usu\u00e1rios.<\/p>\n<h2>Para o usu\u00e1rio<\/h2>\n<p>Sabemos que a informa\u00e7\u00e3o \u00e9 pe\u00e7a chave e moeda de ouro no mundo das apostas. E para realizar as melhores apostas \u00e9 preciso estudo e saber precisamente o que cada termo representa.<\/p>\n<p>Por isso, em nosso site temos um Gloss\u00e1rio que explica os principais termos utilizados no mercado de apostas, como Apostas combinadas, Bolsas de apostas, Handicap, Rollover e tantos outros termos que podem trazer algumas d\u00favidas para quem est\u00e1 come\u00e7ando.<\/p>\n<p>Al\u00e9m do Gloss\u00e1rio, oferecemos uma calculadora onde \u00e9 poss\u00edvel calcular se determinada aposta vale ou n\u00e3o a pena ser feita. Dividida em colunas e linhas, a calculadora \u00e9 f\u00e1cil de ser utilizada para verificar valores tanto de apostas simples quanto de apostas m\u00faltiplas.<\/p>\n<p>Nossos usu\u00e1rios tamb\u00e9m contam com nossa se\u00e7\u00e3o de Casas de apostas, onde detalhamos os passos desde o cadastro at\u00e9 o atendimento ao cliente, indicando pontos positivos e negativos de cada site.<\/p>\n<p>Caso tenha d\u00favidas sobre pagamentos, basta visitar a se\u00e7\u00e3o de Dep\u00f3sitos, onde detalhamos cada m\u00e9todo de pagamento. J\u00e1 na se\u00e7\u00e3o de B\u00f4nus, atualizamos sobre a oferta de b\u00f4nus de boas-vindas, ofertas sazonais e promo\u00e7\u00f5es oferecidas pelos principais sites de apostas.<\/p>\n","protected":false},"excerpt":{"rendered":"<p>No sitesdeapostas.bet\/pt\/, nos esfor\u00e7amos para oferecer as melhores informa\u00e7\u00f5es sobre apostas desportivas para nossos usu\u00e1rios. Revis\u00f5es honestas e verdadeiras, ferramentas \u00fateis para apostas, os melhores m\u00e9todos de pagamento para depositar e sacar dinheiro, com todas as indica\u00e7\u00f5es poss\u00edveis para tornar o processo r\u00e1pido e f\u00e1cil, o mundo atual das apostas, etc. Tudo isso n\u00e3o seria [&hellip;]<\/p>\n","protected":false},"author":1,"featured_media":0,"parent":0,"menu_order":0,"comment_status":"closed","ping_status":"closed","template":"team_2.php","meta":{"_acf_changed":false,"footnotes":""},"class_list":["post-1083","page","type-page","status-publish","hentry"],"acf":[],"_links":{"self":[{"href":"https:\/\/sitesdeapostas.bet\/pt\/wp-json\/wp\/v2\/pages\/1083","targetHints":{"allow":["GET"]}}],"collection":[{"href":"https:\/\/sitesdeapostas.bet\/pt\/wp-json\/wp\/v2\/pages"}],"about":[{"href":"https:\/\/sitesdeapostas.bet\/pt\/wp-json\/wp\/v2\/types\/page"}],"author":[{"embeddable":true,"href":"https:\/\/sitesdeapostas.bet\/pt\/wp-json\/wp\/v2\/users\/1"}],"replies":[{"embeddable":true,"href":"https:\/\/sitesdeapostas.bet\/pt\/wp-json\/wp\/v2\/comments?post=1083"}],"version-history":[{"count":44,"href":"https:\/\/sitesdeapostas.bet\/pt\/wp-json\/wp\/v2\/pages\/1083\/revisions"}],"predecessor-version":[{"id":27814,"href":"https:\/\/sitesdeapostas.bet\/pt\/wp-json\/wp\/v2\/pages\/1083\/revisions\/27814"}],"wp:attachment":[{"href":"https:\/\/sitesdeapostas.bet\/pt\/wp-json\/wp\/v2\/media?parent=1083"}],"curies":[{"name":"wp","href":"https:\/\/api.w.org\/{rel}","templated":true}]}}