{"id":16140,"date":"2022-02-16T17:20:33","date_gmt":"2022-02-16T17:20:33","guid":{"rendered":"https:\/\/sitesdeapostas.bet\/pt\/?page_id=16140"},"modified":"2025-04-28T13:59:54","modified_gmt":"2025-04-28T12:59:54","slug":"depositos","status":"publish","type":"page","link":"https:\/\/sitesdeapostas.bet\/pt\/depositos\/","title":{"rendered":"D\u00e9positos"},"content":{"rendered":"<h2>M\u00e9todos de pagamento<\/h2>\n<p>As <a href=\"https:\/\/sitesdeapostas.bet\/pt\/\">casas de apostas<\/a> em Portugal atualmente oferecem uma <strong>boa variedade nos m\u00e9todos de pagamento\u00a0<\/strong>para os apostadores europeus, concentrando-se bastante em alguns tipos de transac\u00e7\u00f5es monet\u00e1rias; s\u00e3o elas:<\/p>\n<h4><strong>Carteiras digitais<\/strong><\/h4>\n<p>Em resumo, as e-wallets s\u00e3o\u00a0<strong>plataformas para a gest\u00e3o financeira\u00a0<\/strong>por meio da internet. Protegidas por forte seguran\u00e7a criptogr\u00e1fica, as carteiras digitais como Skrill e Neteller s\u00e3o as mais populares em Portugal, trabalhando com uma s\u00e9rie de recursos financeiros, como dinheiro e criptomoedas.<\/p>\n<h4><strong>Criptomoedas<\/strong><\/h4>\n<p>As criptos s\u00e3o novos m\u00e9todos de uso do dinheiro\u00a0<strong>que devem crescer ainda mais nos pr\u00f3ximos anos.\u00a0<\/strong>Atualmente, o bitcoin \u00e9 uma das mais populares na Europa, junto do Ethereum, que cada vez ganha mais espa\u00e7o em Portugal.<\/p>\n<h4>Cart\u00f5es de cr\u00e9dito\/d\u00e9bito<\/h4>\n<p>Os cart\u00f5es de cr\u00e9dito n\u00e3o s\u00e3o t\u00e3o populares assim como m\u00e9todo de pagamento na Europa, mas contam com um bom n\u00famero de\u00a0<strong>sites de apostas que aceitam cart\u00f5es Master e Visa,\u00a0<\/strong>sobretudo.<\/p>\n<h4>Transac\u00e7\u00f5es banc\u00e1rias<\/h4>\n<p>As transac\u00e7\u00f5es de <strong>dep\u00f3sito e transfer\u00eancia banc\u00e1ria<\/strong>\u00a0s\u00e3o bastante importantes em Portugal, sobretudo com Multibanco e MB Way, tanto nos caixas autom\u00e1ticos quanto na aplica\u00e7\u00e3o m\u00f3vel.<\/p>\n<h3>Qual m\u00e9todo escolher?<\/h3>\n<p>Os apostadores podem escolher um\u00a0<strong>m\u00e9todo de pagamento fixo\u00a0<\/strong>ou at\u00e9 mesmo transitarem por\u00a0<strong>diferentes m\u00e9todos de pagamento,\u00a0<\/strong>a depender da casa de apostas e do pr\u00f3prio estilo do apostador. Para te ajudar, n\u00f3s separamos um selecionado com os principais.<\/p>\n","protected":false},"excerpt":{"rendered":"<p>M\u00e9todos de pagamento As casas de apostas em Portugal atualmente oferecem uma boa variedade nos m\u00e9todos de pagamento\u00a0para os apostadores europeus, concentrando-se bastante em alguns tipos de transac\u00e7\u00f5es monet\u00e1rias; s\u00e3o elas: Carteiras digitais Em resumo, as e-wallets s\u00e3o\u00a0plataformas para a gest\u00e3o financeira\u00a0por meio da internet. Protegidas por forte seguran\u00e7a criptogr\u00e1fica, as carteiras digitais como Skrill [&hellip;]<\/p>\n","protected":false},"author":3,"featured_media":0,"parent":0,"menu_order":0,"comment_status":"closed","ping_status":"closed","template":"deposit-methods-style-1.php","meta":{"_acf_changed":false,"footnotes":""},"class_list":["post-16140","page","type-page","status-publish","hentry"],"acf":[],"_links":{"self":[{"href":"https:\/\/sitesdeapostas.bet\/pt\/wp-json\/wp\/v2\/pages\/16140","targetHints":{"allow":["GET"]}}],"collection":[{"href":"https:\/\/sitesdeapostas.bet\/pt\/wp-json\/wp\/v2\/pages"}],"about":[{"href":"https:\/\/sitesdeapostas.bet\/pt\/wp-json\/wp\/v2\/types\/page"}],"author":[{"embeddable":true,"href":"https:\/\/sitesdeapostas.bet\/pt\/wp-json\/wp\/v2\/users\/3"}],"replies":[{"embeddable":true,"href":"https:\/\/sitesdeapostas.bet\/pt\/wp-json\/wp\/v2\/comments?post=16140"}],"version-history":[{"count":8,"href":"https:\/\/sitesdeapostas.bet\/pt\/wp-json\/wp\/v2\/pages\/16140\/revisions"}],"predecessor-version":[{"id":28113,"href":"https:\/\/sitesdeapostas.bet\/pt\/wp-json\/wp\/v2\/pages\/16140\/revisions\/28113"}],"wp:attachment":[{"href":"https:\/\/sitesdeapostas.bet\/pt\/wp-json\/wp\/v2\/media?parent=16140"}],"curies":[{"name":"wp","href":"https:\/\/api.w.org\/{rel}","templated":true}]}}