{"id":204,"date":"2019-05-02T19:28:24","date_gmt":"2019-05-02T19:28:24","guid":{"rendered":"https:\/\/export.mercury.space-themes.com\/demo1\/?page_id=3"},"modified":"2025-11-13T16:52:58","modified_gmt":"2025-11-13T16:52:58","slug":"privacidade","status":"publish","type":"page","link":"https:\/\/sitesdeapostas.bet\/pt\/privacidade\/","title":{"rendered":"Privacidade"},"content":{"rendered":"<p><strong>1. Respons\u00e1vel pelo tratamento de dados:<\/strong> Leon Digital Marketing Ltd., com nome comercial <a href=\"https:\/\/buenpasomedia.com\/\" target=\"_blank\" rel=\"noopener\">Buen Paso Media<\/a>, com sede na 310 Stafford Road, Croydon, Surrey, Reino Unido, CR0 4NH. Empresa registrada sob o n\u00famero 10699118 na Companies House com o n\u00famero de IVA GB270922603 , sendo propriet\u00e1rio do s\u00edtio <a href=\"https:\/\/sitesdeapostas.bet\/pt\/\">https:\/\/sitesdeapostas.bet\/pt\/<\/a> (a &#8220;Web&#8221; ou o &#8220;Site&#8221;) e o respons\u00e1vel pelo tratamento dos dados que s\u00e3o coletados nas diferentes formas previstas no site, visto que \u00e9 a pessoa jur\u00eddica que determina as finalidades e meios de processamento de dados. Podes entrar em contato com SITESDEAPOSTAS para qualquer d\u00favida relacionada a esta pol\u00edtica de privacidade no e-mail: contacto@casasdeapuestas.bet.<\/p>\n<p><strong>2. Dados recolhidos:<\/strong> S\u00e3o recolhidos os dados pessoais do utilizador (doravante o interessado ou afetado) que s\u00e3o solicitados em cada formul\u00e1rio do s\u00edtio, dependendo do formul\u00e1rio em quest\u00e3o, sendo os dados recolhidos apenas os relativos ao nome e ao endere\u00e7o eletr\u00f3nico.<\/p>\n<p><strong>3. Veracidade, exatid\u00e3o e atualiza\u00e7\u00e3o dos dados pessoais fornecidos:<\/strong> o usu\u00e1rio garante que os dados pessoais fornecidos s\u00e3o verdadeiros, exactos, completos e tamb\u00e9m est\u00e3o atualizados, e se compromete a notificar qualquer mudan\u00e7a ou modifica\u00e7\u00e3o dos mesmos. No caso do usu\u00e1rio fornecer dados de terceiros, o usu\u00e1rio ser\u00e1 o \u00fanico respons\u00e1vel por informar e obter o consentimento dos terceiros para inserir suas informa\u00e7\u00f5es nos formul\u00e1rios de coleta de dados do s\u00edtio.<\/p>\n<p>Adverte-se que qualquer dano ou preju\u00edzo que sofra SITESDEAPOSTAS, ou qualquer terceiro devido ao fornecimento de informa\u00e7\u00f5es err\u00f4neas, imprecisas, incompletas ou n\u00e3o atualizadas ser\u00e3o responsabilidade do usu\u00e1rio, podendo a SITESDEAPOSTAS repetir contra o usu\u00e1rio as a\u00e7\u00f5es que foram direcionadas contra ela.<\/p>\n<p>O n\u00e3o fornecimento de determinadas informa\u00e7\u00f5es indicadas como obrigat\u00f3rias pode implicar na impossibilidade de gerir o vosso registo como utilizador ou a utiliza\u00e7\u00e3o de determinadas funcionalidades ou servi\u00e7os disponibilizados na Plataforma.<\/p>\n<p><strong>4. Inclus\u00e3o de dados pessoais em um arquivo:<\/strong> Um arquivo \u00e9 qualquer conjunto estruturado de dados pessoais, acess\u00edveis de acordo com determinados crit\u00e9rios, sejam eles centralizados, descentralizados ou distribu\u00eddos de forma funcional ou geogr\u00e1fica.<\/p>\n<p>Os dados coletados por meio dos formul\u00e1rios disponibilizados no s\u00edtio est\u00e3o inclu\u00eddos em um arquivo de propriedade da SITESDEAPOSTAS.<\/p>\n<p><strong>5. Finalidade dos dados recolhidos e consentimento para o tratamento:<\/strong> Os dados recolhidos atrav\u00e9s dos formul\u00e1rios no s\u00edtio, inclu\u00eddos no arquivo indicado, s\u00e3o recolhidos com o \u00fanico fim de envio de comunica\u00e7\u00f5es comerciais de promo\u00e7\u00f5es e \/ ou publicidade ou newsletters de SITESDEAPOSTAS e dos anunciantes do Site relacionado com o setor de jogos online.<\/p>\n<p>Do mesmo modo, SITESDEAPOSTAS processar\u00e1 os dados para gerir as consultas que o utilizador submete atrav\u00e9s da Plataforma, atender ao seu pedido ou publicar os seus coment\u00e1rios.<\/p>\n<p><strong>6. Sobre o car\u00e1ter obrigat\u00f3rio ou facultativo das respostas \u00e0s quest\u00f5es dos formul\u00e1rios:<\/strong> Ser\u00e3o especificados nos formul\u00e1rios quais os campos de preenchimento s\u00e3o obrigat\u00f3rios, sem os quais n\u00e3o ser\u00e1 poss\u00edvel cumprir a finalidade expressa em cada um desses formul\u00e1rios.<\/p>\n<p><strong>7. Per\u00edodo no qual os dados pessoais ser\u00e3o guardados:<\/strong> SITESDEAPOSTAS processar\u00e1 os dados pessoais recolhidos at\u00e9 ao fim do per\u00edodo at\u00e9 que se esgote ou cumpra o fim para o qual foram originalmente recolhidos.<\/p>\n<p><strong>8. Confidencialidade:<\/strong> SITESDEAPOSTAS compromete-se a manter a m\u00e1xima reserva e confidencialidade relativamente \u00e0 informa\u00e7\u00e3o que fornecer e a utiliz\u00e1-la apenas para os fins indicados.<\/p>\n<p><strong>9. Encarregados de tratamento:<\/strong> &#8220;Encarregados de tratamento&#8221; ou &#8220;encarregado&#8221; \u00e9 a pessoa f\u00edsica ou jur\u00eddica, autoridade p\u00fablica, servi\u00e7o ou outro organismo que processa dados pessoais em nome do controlador.<\/p>\n<p>Na qualidade de encarregados que tratam dados pessoais por conta da SITESDEAPOSTAS, contratados de acordo com o disposto no artigo 12.\u00ba da L.O. 15\/1999 de Prote\u00e7\u00e3o de Dados s\u00e3o:<\/p>\n<p>&#8211; Paragon Internet Group Limited (identificada com o nome comercial de TSOHOST), que fornece servi\u00e7os de hospedagem, com o n\u00famero de registro 07573953 com endere\u00e7o no 5\u00ba andar, The Shipping Building Old Vinyl Factory, 252-254 Blyth Road, Hayes, Reino Unido, UB3 1HA .<\/p>\n<p><strong>10. Destinat\u00e1rios dos dados:<\/strong> Apenas SITESDEAPOSTAS, e os respons\u00e1veis \u200b\u200bpelo tratamento por ela designados, ter\u00e3o acesso aos dados fornecidos pelo usu\u00e1rio, e em nenhuma hip\u00f3tese esses dados ser\u00e3o transferidos, compartilhados, transferidos ou vendidos a terceiros.<\/p>\n<p><strong>11. Consentimento:<\/strong> A marca\u00e7\u00e3o da caixa de aceita\u00e7\u00e3o da pol\u00edtica de privacidade ser\u00e1 entendida para todos os efeitos como o fornecimento de consentimento expresso e inequ\u00edvoco para o tratamento dos dados pessoais fornecidos.<\/p>\n","protected":false},"excerpt":{"rendered":"<p>1. Respons\u00e1vel pelo tratamento de dados: Leon Digital Marketing Ltd., com nome comercial Buen Paso Media, com sede na 310 Stafford Road, Croydon, Surrey, Reino Unido, CR0 4NH. Empresa registrada sob o n\u00famero 10699118 na Companies House com o n\u00famero de IVA GB270922603 , sendo propriet\u00e1rio do s\u00edtio https:\/\/sitesdeapostas.bet\/pt\/ (a &#8220;Web&#8221; ou o &#8220;Site&#8221;) e [&hellip;]<\/p>\n","protected":false},"author":1,"featured_media":0,"parent":0,"menu_order":0,"comment_status":"closed","ping_status":"closed","template":"","meta":{"_acf_changed":false,"footnotes":""},"class_list":["post-204","page","type-page","status-publish","hentry"],"acf":[],"_links":{"self":[{"href":"https:\/\/sitesdeapostas.bet\/pt\/wp-json\/wp\/v2\/pages\/204","targetHints":{"allow":["GET"]}}],"collection":[{"href":"https:\/\/sitesdeapostas.bet\/pt\/wp-json\/wp\/v2\/pages"}],"about":[{"href":"https:\/\/sitesdeapostas.bet\/pt\/wp-json\/wp\/v2\/types\/page"}],"author":[{"embeddable":true,"href":"https:\/\/sitesdeapostas.bet\/pt\/wp-json\/wp\/v2\/users\/1"}],"replies":[{"embeddable":true,"href":"https:\/\/sitesdeapostas.bet\/pt\/wp-json\/wp\/v2\/comments?post=204"}],"version-history":[{"count":8,"href":"https:\/\/sitesdeapostas.bet\/pt\/wp-json\/wp\/v2\/pages\/204\/revisions"}],"predecessor-version":[{"id":27808,"href":"https:\/\/sitesdeapostas.bet\/pt\/wp-json\/wp\/v2\/pages\/204\/revisions\/27808"}],"wp:attachment":[{"href":"https:\/\/sitesdeapostas.bet\/pt\/wp-json\/wp\/v2\/media?parent=204"}],"curies":[{"name":"wp","href":"https:\/\/api.w.org\/{rel}","templated":true}]}}