{"id":27066,"date":"2023-10-26T19:59:47","date_gmt":"2023-10-26T18:59:47","guid":{"rendered":"https:\/\/sitesdeapostas.bet\/pt\/?page_id=27066"},"modified":"2026-03-19T18:17:44","modified_gmt":"2026-03-19T18:17:44","slug":"contato","status":"publish","type":"page","link":"https:\/\/sitesdeapostas.bet\/pt\/contato\/","title":{"rendered":"Contato"},"content":{"rendered":"<p>Caso tenha alguma d\u00favida sobre os sites de apostas e nossos rankings, tenha algum problema ao navegar em nosso site <a href=\"https:\/\/sitesdeapostas.bet\/pt\/\">https:\/\/sitesdeapostas.bet\/pt\/<\/a> ou deseje ajuda com qualquer outro aspecto, entre em contato conosco. O contato pode ser feito atrav\u00e9s do email <strong>contato[arroba]sitesdeapostas.bet<\/strong>. Entraremos em contato o mais breve poss\u00edvel para sanar suas d\u00favidas.<\/p>\n<p><em>Caso entre em contato atrav\u00e9s do email, estar\u00e1s aceitando a pol\u00edtica de privacidade, bem como a inclus\u00e3o de seus dados em nossos arquivos da sitesdeapostas.bet. Mas aten\u00e7\u00e3o, voc\u00ea poder\u00e1 exercer seus direitos de privacidade, informa\u00e7\u00e3o, acesso, retifica\u00e7\u00e3o, elimina\u00e7\u00e3o, limita\u00e7\u00e3o de tratamento, portabilidade e oposi\u00e7\u00e3o dos dados pessoais fornecidos. Para isto, solicite o mesmo atrav\u00e9s do email contato[arroba]sitesdeapostas.bet, informando o que deseja.<\/em><\/p>\n<p><strong>Tem certeza de que precisa entrar em contato conosco?<\/strong> Em nosso site voc\u00ea encontra informa\u00e7\u00f5es, guias, an\u00e1lises e todo tipo de conte\u00fado para tirar suas d\u00favidas sobre as principais casas de apostas em Portugal. Alguns links de interesse que podem responder \u00e0s suas perguntas s\u00e3o:<\/p>\n<ul>\n<li><a href=\"\/pt\/casas\/solverde\/\">Revis\u00e3o e an\u00e1lise da Solverde Portugal<\/a><\/li>\n<li><a href=\"\/pt\/depositos\/mbway\/\">Sites de apostas que aceitam dep\u00f3sitos com MB WAY<\/a><\/li>\n<li><a href=\"\/pt\/depositos\/multibanco\/\">Sites de apostas que aceitam dep\u00f3sitos com Multibanco<\/a><\/li>\n<li><a href=\"\/pt\/depositos\/paypal\/\">Sites de apostas que aceitam dep\u00f3sitos com PayPal<\/a><\/li>\n<li><a href=\"\/pt\/calculadora\/\">Calculadora de apostas seguras ou surebets<\/a><\/li>\n<\/ul>\n","protected":false},"excerpt":{"rendered":"<p>Caso tenha alguma d\u00favida sobre os sites de apostas e nossos rankings, tenha algum problema ao navegar em nosso site https:\/\/sitesdeapostas.bet\/pt\/ ou deseje ajuda com qualquer outro aspecto, entre em contato conosco. O contato pode ser feito atrav\u00e9s do email contato[arroba]sitesdeapostas.bet. Entraremos em contato o mais breve poss\u00edvel para sanar suas d\u00favidas. Caso entre em [&hellip;]<\/p>\n","protected":false},"author":2,"featured_media":0,"parent":0,"menu_order":0,"comment_status":"closed","ping_status":"closed","template":"","meta":{"_acf_changed":false,"footnotes":""},"class_list":["post-27066","page","type-page","status-publish","hentry"],"acf":[],"_links":{"self":[{"href":"https:\/\/sitesdeapostas.bet\/pt\/wp-json\/wp\/v2\/pages\/27066","targetHints":{"allow":["GET"]}}],"collection":[{"href":"https:\/\/sitesdeapostas.bet\/pt\/wp-json\/wp\/v2\/pages"}],"about":[{"href":"https:\/\/sitesdeapostas.bet\/pt\/wp-json\/wp\/v2\/types\/page"}],"author":[{"embeddable":true,"href":"https:\/\/sitesdeapostas.bet\/pt\/wp-json\/wp\/v2\/users\/2"}],"replies":[{"embeddable":true,"href":"https:\/\/sitesdeapostas.bet\/pt\/wp-json\/wp\/v2\/comments?post=27066"}],"version-history":[{"count":4,"href":"https:\/\/sitesdeapostas.bet\/pt\/wp-json\/wp\/v2\/pages\/27066\/revisions"}],"predecessor-version":[{"id":28153,"href":"https:\/\/sitesdeapostas.bet\/pt\/wp-json\/wp\/v2\/pages\/27066\/revisions\/28153"}],"wp:attachment":[{"href":"https:\/\/sitesdeapostas.bet\/pt\/wp-json\/wp\/v2\/media?parent=27066"}],"curies":[{"name":"wp","href":"https:\/\/api.w.org\/{rel}","templated":true}]}}