{"id":27144,"date":"2023-11-24T12:39:44","date_gmt":"2023-11-24T12:39:44","guid":{"rendered":"https:\/\/sitesdeapostas.bet\/pt\/?page_id=27144"},"modified":"2024-12-06T17:31:16","modified_gmt":"2024-12-06T17:31:16","slug":"jogo-responsavel","status":"publish","type":"page","link":"https:\/\/sitesdeapostas.bet\/pt\/jogo-responsavel\/","title":{"rendered":"Jogo Respons\u00e1vel"},"content":{"rendered":"<p>Antes de come\u00e7ar a procurar uma casa de apostas, o jogador precisa ter antes de tudo responsabilidade. Tanto com seu dinheiro, quanto com rela\u00e7\u00e3o aos poss\u00edveis excessos causados pelo jogo. Por isso, faz-se necess\u00e1rio seguir todos os pilares do <strong>Jogo Respons\u00e1vel<\/strong>, que garantir\u00e1 seguran\u00e7a para o usu\u00e1rio na hora de escolher seu site de apostas e jogar.<\/p>\n<p>Aqui no <a href=\"\/pt\/\"><em>sitesdepostas.bet\/pt\/<\/em><\/a>, nossos especialistas fazem uma varredura nos s\u00edtios que s\u00e3o regularizados e podes jogar ou apostar com seguran\u00e7a, j\u00e1 que apontamos os pontos positivos e negativos do casino ou casa de aposta analisado.<\/p>\n<p>Em nossas an\u00e1lises, levamos em considera\u00e7\u00e3o v\u00e1rios fatores como: os b\u00f3nus oferecidos (sejam eles peri\u00f3dicos ou de boas vindas), a quantidade de jogos da plataforma (que o torna mais atrativo para os jogadores que buscam determinada modalidade, a seguran\u00e7a e confidencialidade dos dados, a comunica\u00e7\u00e3o do site com o usu\u00e1rio, m\u00e9todos de pagamento e prazos para recebimento.<\/p>\n<p>Toda essa an\u00e1lise ajuda na escolha, mas n\u00e3o somente isso deve ser levado em considera\u00e7\u00e3o quando falamos sobre jogos online. Afinal, quando se trata de vosso bolso, a aten\u00e7\u00e3o deve ser redobrada. Jamais seu dinheiro deve ser colocado em risco. L\u00e1 acima falamos sobre os pilares do Jogo respons\u00e1vel, que seriam, em outras palavras, regras que devem ser seguidas \u00e0 risca para manter a integridade do jogador. Dentre as mais importantes devemos citar:<\/p>\n<ol>\n<li><strong> Deves colocar um limite de tempo dedicado ao jogo<\/strong>. Redes sociais e jogos podem ser algo bem divertido quando acessados, mas ficar horas online pode prejudicar outras atividades, sejam laborais ou pessoais. Imagine atrasar algo que precisa entregar ou deixar de passar o tempo com sua fam\u00edlia ou amigos para ficar somente jogando?<\/li>\n<\/ol>\n<p>Neste ponto, h\u00e1 que se ter um controle do tempo dedicado aos jogos online. Determinar a quantidade de minutos ou horas que pode acessar o site \u00e9 uma boa sa\u00edda. Alguns casas de apostas e at\u00e9 mesmo aparelhos de celular ajudam nesse ponto, quando permitem que o usu\u00e1rio controle o tempo avisando quanto tempo j\u00e1 passaram online.<\/p>\n<ol start=\"2\">\n<li><strong> Fique atento ao dinheiro gasto<\/strong>. Esse ponto \u00e9 realmente delicado, j\u00e1 que mexe com os demais. Ningu\u00e9m deveria deixar de pagar uma conta para arcar com d\u00edvidas de jogo, correto? Para sanar esse problema, al\u00e9m de controle de tempo online, sites tamb\u00e9m possuem uma fun\u00e7\u00e3o que permite controlar os valores gastos, seja diariamente, semanalmente ou mensalmente.<\/li>\n<\/ol>\n<p>Isto \u00e9 extremamente importante para o controle de gastos, j\u00e1 que ao chegar \u00e0quele valor pr\u00e9-determinado, o jogador n\u00e3o consegue mais jogar &#8211; e s\u00f3 poder\u00e1 retornar ao jogo em outro dia. Al\u00e9m disso, jogos n\u00e3o s\u00e3o investimento ou forma de ganhar um dinheiro extra. Eles s\u00e3o puramente um modo de divers\u00e3o e devem ser vistos como tal. Colocar mais dinheiro na conta do que pode, acabar\u00e1 por prejudicar a vida financeira dos usu\u00e1rios.<\/p>\n<ol start=\"3\">\n<li><strong> Autoexclus\u00e3o do jogador<\/strong>. Caso o jogador perceba que est\u00e1 ultrapassando os limites de tempo e gastando dinheiro demais, h\u00e1 a op\u00e7\u00e3o de autoexclus\u00e3o, que nada mais \u00e9 do que solicitar que o site exclua sua conta durante um per\u00edodo. Isto serve para prevenir maiores transtornos. Com a autoexclus\u00e3o o jogador n\u00e3o poder\u00e1 mais acessar os jogos.<\/li>\n<li><strong> Menores de 18 anos n\u00e3o podem acessar casas de apostas.<\/strong> Esta regra \u00e9 bem clara e aparece logo na primeira p\u00e1gina de qualquer site de jogos ou apostas. Mas para restringir o acesso dos menores, n\u00e3o basta apenas colocar a informa\u00e7\u00e3o.<\/li>\n<\/ol>\n<p>Para o cadastro de todos os casinos ou casas de apostas s\u00e3o exigidas documenta\u00e7\u00f5es que comprovem a idade do jogador. E n\u00e3o s\u00f3 isso, em muitos casos, os sites nem mesmo permitem a visualiza\u00e7\u00e3o dos seus jogos para menores de idade quando estes assumem serem menores de 18 anos.<\/p>\n<ol start=\"5\">\n<li><strong> Ajuda externa em casos extremos.<\/strong> Em pa\u00edses cujos jogos s\u00e3o liberados, h\u00e1 associa\u00e7\u00f5es que buscam ajudar pessoas que abusam dos jogos online. Os canais de atendimento dessas associa\u00e7\u00f5es geralmente est\u00e3o no site, na se\u00e7\u00e3o destinada ao jogo respons\u00e1vel. Atrav\u00e9s das associa\u00e7\u00f5es os jogadores podem pedir ajuda em caso de v\u00edcio ou exageros nos jogos. <strong>Em Portugal h\u00e1 a Linha Vida<\/strong>, que \u00e9 acess\u00edvel atrav\u00e9s do telefone 1414 (dias \u00fateis, das 10h00 \u00e0s 18h00, chamada gratuita) e E-mail: 1414@sicad.min-saude.pt.<\/li>\n<\/ol>\n<p>Como falamos no in\u00edcio do nosso artigo, aqui no nosso site ajudamos os nossos leitores quando indicamos as melhores casas, sendo transparentes em nossas an\u00e1lises e sempre frisando que os jogos devem ser vistos apenas como uma divers\u00e3o.<\/p>\n<p><strong>Sites de interesse:<\/strong><\/p>\n<p>Autoexclus\u00e3o e proibi\u00e7\u00e3o<\/p>\n<p>Jogo Respons\u00e1vel<\/p>\n","protected":false},"excerpt":{"rendered":"<p>Antes de come\u00e7ar a procurar uma casa de apostas, o jogador precisa ter antes de tudo responsabilidade. Tanto com seu dinheiro, quanto com rela\u00e7\u00e3o aos poss\u00edveis excessos causados pelo jogo. Por isso, faz-se necess\u00e1rio seguir todos os pilares do Jogo Respons\u00e1vel, que garantir\u00e1 seguran\u00e7a para o usu\u00e1rio na hora de escolher seu site de apostas [&hellip;]<\/p>\n","protected":false},"author":11,"featured_media":0,"parent":0,"menu_order":0,"comment_status":"closed","ping_status":"closed","template":"","meta":{"_acf_changed":false,"footnotes":""},"class_list":["post-27144","page","type-page","status-publish","hentry"],"acf":[],"_links":{"self":[{"href":"https:\/\/sitesdeapostas.bet\/pt\/wp-json\/wp\/v2\/pages\/27144","targetHints":{"allow":["GET"]}}],"collection":[{"href":"https:\/\/sitesdeapostas.bet\/pt\/wp-json\/wp\/v2\/pages"}],"about":[{"href":"https:\/\/sitesdeapostas.bet\/pt\/wp-json\/wp\/v2\/types\/page"}],"author":[{"embeddable":true,"href":"https:\/\/sitesdeapostas.bet\/pt\/wp-json\/wp\/v2\/users\/11"}],"replies":[{"embeddable":true,"href":"https:\/\/sitesdeapostas.bet\/pt\/wp-json\/wp\/v2\/comments?post=27144"}],"version-history":[{"count":5,"href":"https:\/\/sitesdeapostas.bet\/pt\/wp-json\/wp\/v2\/pages\/27144\/revisions"}],"predecessor-version":[{"id":27815,"href":"https:\/\/sitesdeapostas.bet\/pt\/wp-json\/wp\/v2\/pages\/27144\/revisions\/27815"}],"wp:attachment":[{"href":"https:\/\/sitesdeapostas.bet\/pt\/wp-json\/wp\/v2\/media?parent=27144"}],"curies":[{"name":"wp","href":"https:\/\/api.w.org\/{rel}","templated":true}]}}